{"id":6703,"date":"2021-12-17T00:54:12","date_gmt":"2021-12-17T00:54:12","guid":{"rendered":"https:\/\/gentleproceduresottawa.ca\/?page_id=6703"},"modified":"2023-03-24T18:57:35","modified_gmt":"2023-03-24T18:57:35","slug":"inscription","status":"publish","type":"page","link":"https:\/\/gentleproceduresottawa.ca\/fr\/penis-frenulectomie-frenuloplastie\/inscription\/","title":{"rendered":"Frenulectomie inscription"},"content":{"rendered":"\t\t<div data-elementor-type=\"wp-page\" data-elementor-id=\"6703\" class=\"elementor elementor-6703 elementor-5085\" data-elementor-post-type=\"page\">\n\t\t\t\t\t\t<section class=\"elementor-section elementor-top-section elementor-element elementor-element-60ad2b9f elementor-section-boxed elementor-section-height-default elementor-section-height-default\" data-id=\"60ad2b9f\" data-element_type=\"section\" data-e-type=\"section\" data-settings=\"{&quot;background_background&quot;:&quot;classic&quot;}\">\n\t\t\t\t\t\t\t<div class=\"elementor-background-overlay\"><\/div>\n\t\t\t\t\t\t\t<div class=\"elementor-container elementor-column-gap-default\">\n\t\t\t\t\t<div class=\"elementor-column elementor-col-100 elementor-top-column elementor-element elementor-element-1a319f19\" data-id=\"1a319f19\" data-element_type=\"column\" data-e-type=\"column\">\n\t\t\t<div class=\"elementor-widget-wrap\">\n\t\t\t\t\t\t\t<\/div>\n\t\t<\/div>\n\t\t\t\t\t<\/div>\n\t\t<\/section>\n\t\t\t\t<section class=\"elementor-section elementor-top-section elementor-element elementor-element-5402d5ef elementor-section-boxed elementor-section-height-default elementor-section-height-default\" data-id=\"5402d5ef\" data-element_type=\"section\" data-e-type=\"section\" data-settings=\"{&quot;background_background&quot;:&quot;classic&quot;}\">\n\t\t\t\t\t\t<div class=\"elementor-container elementor-column-gap-default\">\n\t\t\t\t\t<div class=\"elementor-column elementor-col-50 elementor-top-column elementor-element elementor-element-5b84ae73\" data-id=\"5b84ae73\" data-element_type=\"column\" data-e-type=\"column\" data-settings=\"{&quot;background_background&quot;:&quot;classic&quot;}\">\n\t\t\t<div class=\"elementor-widget-wrap elementor-element-populated\">\n\t\t\t\t\t\t<div class=\"elementor-element elementor-element-2e5e5b60 elementor-widget elementor-widget-heading\" data-id=\"2e5e5b60\" data-element_type=\"widget\" data-e-type=\"widget\" data-widget_type=\"heading.default\">\n\t\t\t\t<div class=\"elementor-widget-container\">\n\t\t\t\t\t<h1 class=\"elementor-heading-title elementor-size-default\">Inscription pour une fr\u00e9nulectomie<\/h1>\t\t\t\t<\/div>\n\t\t\t\t<\/div>\n\t\t\t\t\t<\/div>\n\t\t<\/div>\n\t\t\t\t<div class=\"elementor-column elementor-col-50 elementor-top-column elementor-element elementor-element-6427feaa\" data-id=\"6427feaa\" data-element_type=\"column\" data-e-type=\"column\">\n\t\t\t<div class=\"elementor-widget-wrap\">\n\t\t\t\t\t\t\t<\/div>\n\t\t<\/div>\n\t\t\t\t\t<\/div>\n\t\t<\/section>\n\t\t\t\t<section class=\"elementor-section elementor-top-section elementor-element elementor-element-ebae0e5 elementor-section-boxed elementor-section-height-default elementor-section-height-default\" data-id=\"ebae0e5\" data-element_type=\"section\" data-e-type=\"section\">\n\t\t\t\t\t\t<div class=\"elementor-container elementor-column-gap-wide\">\n\t\t\t\t\t<div class=\"elementor-column elementor-col-100 elementor-top-column elementor-element elementor-element-2b21d6fd\" data-id=\"2b21d6fd\" data-element_type=\"column\" data-e-type=\"column\" id=\"page-form\" data-settings=\"{&quot;background_background&quot;:&quot;classic&quot;}\">\n\t\t\t<div class=\"elementor-widget-wrap elementor-element-populated\">\n\t\t\t\t\t\t<div class=\"elementor-element elementor-element-48b34708 elementor-widget elementor-widget-text-editor\" data-id=\"48b34708\" data-element_type=\"widget\" data-e-type=\"widget\" data-widget_type=\"text-editor.default\">\n\t\t\t\t<div class=\"elementor-widget-container\">\n\t\t\t\t\t\t\t\t\t<p>Merci de bien vouloir compl\u00e9ter le formulaire d\u2019inscription ci-dessous pour une proc\u00e9dure de fr\u00e9nulectomie<\/p><p>Nous vous contacterons dans les meilleurs d\u00e9lais pour confirmer votre rendez-vous et r\u00e9pondre \u00e0 toutes vos questions.<\/p><p>Merci de nous faire confiance.<\/p>\t\t\t\t\t\t\t\t<\/div>\n\t\t\t\t<\/div>\n\t\t\t\t<div class=\"elementor-element elementor-element-400fecdd uael-gf-style-underline uael-gf-input-size-xs uael-gf-btn-size-xs uael-gf-button-center uael-gf-ajax-true uael-gf-enable-classes-no elementor-widget elementor-widget-uael-gf-styler\" data-id=\"400fecdd\" data-element_type=\"widget\" data-e-type=\"widget\" data-widget_type=\"uael-gf-styler.default\">\n\t\t\t\t<div class=\"elementor-widget-container\">\n\t\t\t\t\t<div class=\"uael-gf-style uael-gf-check-style elementor-clickable\">\n\t\n<\/div>\n\t\t\t\t<\/div>\n\t\t\t\t<\/div>\n\t\t\t\t\t<\/div>\n\t\t<\/div>\n\t\t\t\t\t<\/div>\n\t\t<\/section>\n\t\t\t\t<\/div>\n\t\t","protected":false},"excerpt":{"rendered":"<p>Inscription pour une fr\u00e9nulectomie Merci de bien vouloir compl\u00e9ter le formulaire d\u2019inscription ci-dessous pour une proc\u00e9dure de fr\u00e9nulectomie Nous vous contacterons dans les meilleurs d\u00e9lais pour confirmer votre rendez-vous et r\u00e9pondre \u00e0 toutes vos questions. Merci de nous faire confiance.<\/p>\n","protected":false},"author":1,"featured_media":0,"parent":6087,"menu_order":0,"comment_status":"closed","ping_status":"closed","template":"elementor_header_footer","meta":{"footnotes":""},"class_list":["post-6703","page","type-page","status-publish","hentry"],"yoast_head":"<!-- This site is optimized with the Yoast SEO plugin v27.4 - https:\/\/yoast.com\/product\/yoast-seo-wordpress\/ -->\n<title>Frenulectomie inscription - Gentle Procedures Ottawa<\/title>\n<meta name=\"robots\" content=\"index, follow, max-snippet:-1, max-image-preview:large, max-video-preview:-1\" \/>\n<link rel=\"canonical\" href=\"https:\/\/gentleproceduresottawa.ca\/penile-frenulectomy-frenuloplasty\/registration\/\" \/>\n<meta property=\"og:locale\" content=\"fr_FR\" \/>\n<meta property=\"og:type\" content=\"article\" \/>\n<meta property=\"og:title\" content=\"Frenulectomie inscription - Gentle Procedures Ottawa\" \/>\n<meta property=\"og:description\" content=\"Inscription pour une fr\u00e9nulectomie Merci de bien vouloir compl\u00e9ter le formulaire d\u2019inscription ci-dessous pour une proc\u00e9dure de fr\u00e9nulectomie Nous vous contacterons dans les meilleurs d\u00e9lais pour confirmer votre rendez-vous et r\u00e9pondre \u00e0 toutes vos questions. Merci de nous faire confiance.\" \/>\n<meta property=\"og:url\" content=\"https:\/\/gentleproceduresottawa.ca\/penile-frenulectomy-frenuloplasty\/registration\/\" \/>\n<meta property=\"og:site_name\" content=\"Gentle Procedures Ottawa\" \/>\n<meta property=\"article:modified_time\" content=\"2023-03-24T18:57:35+00:00\" \/>\n<meta name=\"twitter:card\" content=\"summary_large_image\" \/>\n<meta name=\"twitter:label1\" content=\"Dur\u00e9e de lecture estim\u00e9e\" \/>\n\t<meta name=\"twitter:data1\" content=\"1 minute\" \/>\n<script type=\"application\/ld+json\" class=\"yoast-schema-graph\">{\"@context\":\"https:\\\/\\\/schema.org\",\"@graph\":[{\"@type\":\"WebPage\",\"@id\":\"https:\\\/\\\/gentleproceduresottawa.ca\\\/penile-frenulectomy-frenuloplasty\\\/registration\\\/\",\"url\":\"https:\\\/\\\/gentleproceduresottawa.ca\\\/penile-frenulectomy-frenuloplasty\\\/registration\\\/\",\"name\":\"Frenulectomie inscription - Gentle Procedures Ottawa\",\"isPartOf\":{\"@id\":\"https:\\\/\\\/gentleproceduresottawa.ca\\\/#website\"},\"datePublished\":\"2021-12-17T00:54:12+00:00\",\"dateModified\":\"2023-03-24T18:57:35+00:00\",\"breadcrumb\":{\"@id\":\"https:\\\/\\\/gentleproceduresottawa.ca\\\/penile-frenulectomy-frenuloplasty\\\/registration\\\/#breadcrumb\"},\"inLanguage\":\"fr-FR\",\"potentialAction\":[{\"@type\":\"ReadAction\",\"target\":[\"https:\\\/\\\/gentleproceduresottawa.ca\\\/penile-frenulectomy-frenuloplasty\\\/registration\\\/\"]}]},{\"@type\":\"BreadcrumbList\",\"@id\":\"https:\\\/\\\/gentleproceduresottawa.ca\\\/penile-frenulectomy-frenuloplasty\\\/registration\\\/#breadcrumb\",\"itemListElement\":[{\"@type\":\"ListItem\",\"position\":1,\"name\":\"Home\",\"item\":\"https:\\\/\\\/gentleproceduresottawa.ca\\\/\"},{\"@type\":\"ListItem\",\"position\":2,\"name\":\"Fr\u00e9nulectomie \u00e0 nos cliniques\",\"item\":\"https:\\\/\\\/gentleproceduresottawa.ca\\\/penile-frenulectomy-frenuloplasty\\\/\"},{\"@type\":\"ListItem\",\"position\":3,\"name\":\"Frenulectomie inscription\"}]},{\"@type\":\"WebSite\",\"@id\":\"https:\\\/\\\/gentleproceduresottawa.ca\\\/#website\",\"url\":\"https:\\\/\\\/gentleproceduresottawa.ca\\\/\",\"name\":\"Gentle Procedures Ottawa\",\"description\":\"Gentle Procedures Ottawa\",\"potentialAction\":[{\"@type\":\"SearchAction\",\"target\":{\"@type\":\"EntryPoint\",\"urlTemplate\":\"https:\\\/\\\/gentleproceduresottawa.ca\\\/?s={search_term_string}\"},\"query-input\":{\"@type\":\"PropertyValueSpecification\",\"valueRequired\":true,\"valueName\":\"search_term_string\"}}],\"inLanguage\":\"fr-FR\"}]}<\/script>\n<!-- \/ Yoast SEO plugin. -->","yoast_head_json":{"title":"Frenulectomie inscription - Gentle Procedures Ottawa","robots":{"index":"index","follow":"follow","max-snippet":"max-snippet:-1","max-image-preview":"max-image-preview:large","max-video-preview":"max-video-preview:-1"},"canonical":"https:\/\/gentleproceduresottawa.ca\/penile-frenulectomy-frenuloplasty\/registration\/","og_locale":"fr_FR","og_type":"article","og_title":"Frenulectomie inscription - Gentle Procedures Ottawa","og_description":"Inscription pour une fr\u00e9nulectomie Merci de bien vouloir compl\u00e9ter le formulaire d\u2019inscription ci-dessous pour une proc\u00e9dure de fr\u00e9nulectomie Nous vous contacterons dans les meilleurs d\u00e9lais pour confirmer votre rendez-vous et r\u00e9pondre \u00e0 toutes vos questions. Merci de nous faire confiance.","og_url":"https:\/\/gentleproceduresottawa.ca\/penile-frenulectomy-frenuloplasty\/registration\/","og_site_name":"Gentle Procedures Ottawa","article_modified_time":"2023-03-24T18:57:35+00:00","twitter_card":"summary_large_image","twitter_misc":{"Dur\u00e9e de lecture estim\u00e9e":"1 minute"},"schema":{"@context":"https:\/\/schema.org","@graph":[{"@type":"WebPage","@id":"https:\/\/gentleproceduresottawa.ca\/penile-frenulectomy-frenuloplasty\/registration\/","url":"https:\/\/gentleproceduresottawa.ca\/penile-frenulectomy-frenuloplasty\/registration\/","name":"Frenulectomie inscription - Gentle Procedures Ottawa","isPartOf":{"@id":"https:\/\/gentleproceduresottawa.ca\/#website"},"datePublished":"2021-12-17T00:54:12+00:00","dateModified":"2023-03-24T18:57:35+00:00","breadcrumb":{"@id":"https:\/\/gentleproceduresottawa.ca\/penile-frenulectomy-frenuloplasty\/registration\/#breadcrumb"},"inLanguage":"fr-FR","potentialAction":[{"@type":"ReadAction","target":["https:\/\/gentleproceduresottawa.ca\/penile-frenulectomy-frenuloplasty\/registration\/"]}]},{"@type":"BreadcrumbList","@id":"https:\/\/gentleproceduresottawa.ca\/penile-frenulectomy-frenuloplasty\/registration\/#breadcrumb","itemListElement":[{"@type":"ListItem","position":1,"name":"Home","item":"https:\/\/gentleproceduresottawa.ca\/"},{"@type":"ListItem","position":2,"name":"Fr\u00e9nulectomie \u00e0 nos cliniques","item":"https:\/\/gentleproceduresottawa.ca\/penile-frenulectomy-frenuloplasty\/"},{"@type":"ListItem","position":3,"name":"Frenulectomie inscription"}]},{"@type":"WebSite","@id":"https:\/\/gentleproceduresottawa.ca\/#website","url":"https:\/\/gentleproceduresottawa.ca\/","name":"Gentle Procedures Ottawa","description":"Gentle Procedures Ottawa","potentialAction":[{"@type":"SearchAction","target":{"@type":"EntryPoint","urlTemplate":"https:\/\/gentleproceduresottawa.ca\/?s={search_term_string}"},"query-input":{"@type":"PropertyValueSpecification","valueRequired":true,"valueName":"search_term_string"}}],"inLanguage":"fr-FR"}]}},"_links":{"self":[{"href":"https:\/\/gentleproceduresottawa.ca\/fr\/wp-json\/wp\/v2\/pages\/6703","targetHints":{"allow":["GET"]}}],"collection":[{"href":"https:\/\/gentleproceduresottawa.ca\/fr\/wp-json\/wp\/v2\/pages"}],"about":[{"href":"https:\/\/gentleproceduresottawa.ca\/fr\/wp-json\/wp\/v2\/types\/page"}],"author":[{"embeddable":true,"href":"https:\/\/gentleproceduresottawa.ca\/fr\/wp-json\/wp\/v2\/users\/1"}],"replies":[{"embeddable":true,"href":"https:\/\/gentleproceduresottawa.ca\/fr\/wp-json\/wp\/v2\/comments?post=6703"}],"version-history":[{"count":16,"href":"https:\/\/gentleproceduresottawa.ca\/fr\/wp-json\/wp\/v2\/pages\/6703\/revisions"}],"predecessor-version":[{"id":8039,"href":"https:\/\/gentleproceduresottawa.ca\/fr\/wp-json\/wp\/v2\/pages\/6703\/revisions\/8039"}],"up":[{"embeddable":true,"href":"https:\/\/gentleproceduresottawa.ca\/fr\/wp-json\/wp\/v2\/pages\/6087"}],"wp:attachment":[{"href":"https:\/\/gentleproceduresottawa.ca\/fr\/wp-json\/wp\/v2\/media?parent=6703"}],"curies":[{"name":"wp","href":"https:\/\/api.w.org\/{rel}","templated":true}]}}