{"id":7401,"date":"2022-12-20T22:12:43","date_gmt":"2022-12-20T22:12:43","guid":{"rendered":"https:\/\/gentleproceduresottawa.ca\/?page_id=7401"},"modified":"2023-03-27T11:07:43","modified_gmt":"2023-03-27T11:07:43","slug":"confirmation-du-cout","status":"publish","type":"page","link":"https:\/\/gentleproceduresottawa.ca\/fr\/circoncision\/confirmation-du-cout\/","title":{"rendered":"Circoncision confirmation du cout"},"content":{"rendered":"\t\t<div data-elementor-type=\"wp-page\" data-elementor-id=\"7401\" class=\"elementor elementor-7401 elementor-50\" data-elementor-post-type=\"page\">\n\t\t\t\t\t\t<section class=\"elementor-section elementor-top-section elementor-element elementor-element-c1bbe3f elementor-section-stretched elementor-section-full_width elementor-section-height-default elementor-section-height-default\" data-id=\"c1bbe3f\" data-element_type=\"section\" data-e-type=\"section\" data-settings=\"{&quot;stretch_section&quot;:&quot;section-stretched&quot;}\">\n\t\t\t\t\t\t<div class=\"elementor-container elementor-column-gap-wide\">\n\t\t\t\t\t<div class=\"elementor-column elementor-col-50 elementor-top-column elementor-element elementor-element-5402419\" data-id=\"5402419\" data-element_type=\"column\" data-e-type=\"column\">\n\t\t\t<div class=\"elementor-widget-wrap elementor-element-populated\">\n\t\t\t\t\t\t<section class=\"elementor-section elementor-inner-section elementor-element elementor-element-d5ea168 elementor-section-boxed elementor-section-height-default elementor-section-height-default\" data-id=\"d5ea168\" data-element_type=\"section\" data-e-type=\"section\">\n\t\t\t\t\t\t<div class=\"elementor-container elementor-column-gap-default\">\n\t\t\t\t\t<div class=\"elementor-column elementor-col-100 elementor-inner-column elementor-element elementor-element-893fda1\" data-id=\"893fda1\" data-element_type=\"column\" data-e-type=\"column\" id=\"page-form\">\n\t\t\t<div class=\"elementor-widget-wrap elementor-element-populated\">\n\t\t\t\t\t\t<div class=\"elementor-element elementor-element-50361c1 elementor-widget elementor-widget-heading\" data-id=\"50361c1\" data-element_type=\"widget\" data-e-type=\"widget\" data-widget_type=\"heading.default\">\n\t\t\t\t<div class=\"elementor-widget-container\">\n\t\t\t\t\t<h1 class=\"elementor-heading-title elementor-size-default\">Obtenez le co\u00fbt de votre circoncision<\/h1>\t\t\t\t<\/div>\n\t\t\t\t<\/div>\n\t\t\t\t<div class=\"elementor-element elementor-element-07177f6 elementor-widget elementor-widget-text-editor\" data-id=\"07177f6\" data-element_type=\"widget\" data-e-type=\"widget\" data-widget_type=\"text-editor.default\">\n\t\t\t\t<div class=\"elementor-widget-container\">\n\t\t\t\t\t\t\t\t\t<p>Merci de bien vouloir remplir le formulaire ci-dessous.<\/p><p>Nous communiquerons avec vous dans les meilleurs d\u00e9lais pour vous indiquer le prix d&rsquo;une circoncision pour votre fils ou pour vous-m\u00eame.<\/p><p>Le co\u00fbt de la circoncision est d\u00e9termin\u00e9 principalement selon l&rsquo;\u00e2ge du patient (les co\u00fbts sont plus \u00e9lev\u00e9s pour les gar\u00e7ons plus \u00e2g\u00e9s et les hommes adultes, et moins \u00e9lev\u00e9s pour les nourrissons).<\/p>\t\t\t\t\t\t\t\t<\/div>\n\t\t\t\t<\/div>\n\t\t\t\t<div class=\"elementor-element elementor-element-c7437c3 uael-gf-style-underline uael-gf-input-size-xs uael-gf-button-center uael-gf-btn-size-xs uael-gf-ajax-true uael-gf-enable-classes-no elementor-widget elementor-widget-uael-gf-styler\" data-id=\"c7437c3\" data-element_type=\"widget\" data-e-type=\"widget\" data-widget_type=\"uael-gf-styler.default\">\n\t\t\t\t<div class=\"elementor-widget-container\">\n\t\t\t\t\t<div class=\"uael-gf-style uael-gf-check-style elementor-clickable\">\n\t<script>\nvar gform;gform||(document.addEventListener(\"gform_main_scripts_loaded\",function(){gform.scriptsLoaded=!0}),document.addEventListener(\"gform\/theme\/scripts_loaded\",function(){gform.themeScriptsLoaded=!0}),window.addEventListener(\"DOMContentLoaded\",function(){gform.domLoaded=!0}),gform={domLoaded:!1,scriptsLoaded:!1,themeScriptsLoaded:!1,isFormEditor:()=>\"function\"==typeof InitializeEditor,callIfLoaded:function(o){return!(!gform.domLoaded||!gform.scriptsLoaded||!gform.themeScriptsLoaded&&!gform.isFormEditor()||(gform.isFormEditor()&&console.warn(\"The use of gform.initializeOnLoaded() is deprecated in the form editor context and will be removed in Gravity Forms 3.1.\"),o(),0))},initializeOnLoaded:function(o){gform.callIfLoaded(o)||(document.addEventListener(\"gform_main_scripts_loaded\",()=>{gform.scriptsLoaded=!0,gform.callIfLoaded(o)}),document.addEventListener(\"gform\/theme\/scripts_loaded\",()=>{gform.themeScriptsLoaded=!0,gform.callIfLoaded(o)}),window.addEventListener(\"DOMContentLoaded\",()=>{gform.domLoaded=!0,gform.callIfLoaded(o)}))},hooks:{action:{},filter:{}},addAction:function(o,r,e,t){gform.addHook(\"action\",o,r,e,t)},addFilter:function(o,r,e,t){gform.addHook(\"filter\",o,r,e,t)},doAction:function(o){gform.doHook(\"action\",o,arguments)},applyFilters:function(o){return gform.doHook(\"filter\",o,arguments)},removeAction:function(o,r){gform.removeHook(\"action\",o,r)},removeFilter:function(o,r,e){gform.removeHook(\"filter\",o,r,e)},addHook:function(o,r,e,t,n){null==gform.hooks[o][r]&&(gform.hooks[o][r]=[]);var d=gform.hooks[o][r];null==n&&(n=r+\"_\"+d.length),gform.hooks[o][r].push({tag:n,callable:e,priority:t=null==t?10:t})},doHook:function(r,o,e){var t;if(e=Array.prototype.slice.call(e,1),null!=gform.hooks[r][o]&&((o=gform.hooks[r][o]).sort(function(o,r){return o.priority-r.priority}),o.forEach(function(o){\"function\"!=typeof(t=o.callable)&&(t=window[t]),\"action\"==r?t.apply(null,e):e[0]=t.apply(null,e)})),\"filter\"==r)return e[0]},removeHook:function(o,r,t,n){var e;null!=gform.hooks[o][r]&&(e=(e=gform.hooks[o][r]).filter(function(o,r,e){return!!(null!=n&&n!=o.tag||null!=t&&t!=o.priority)}),gform.hooks[o][r]=e)}});\n<\/script>\n\n                <div class='gf_browser_gecko gform_wrapper gform_legacy_markup_wrapper gform-theme--no-framework' data-form-theme='legacy' data-form-index='0' id='gform_wrapper_38' ><form method='post' enctype='multipart\/form-data'  id='gform_38'  action='\/fr\/wp-json\/wp\/v2\/pages\/7401' data-formid='38' novalidate>\n                        <div class='gform-body gform_body'><ul id='gform_fields_38' class='gform_fields top_label form_sublabel_below description_below validation_below'><li id=\"field_38_17\" class=\"gfield gfield--type-honeypot gform_validation_container field_sublabel_below gfield--has-description field_description_below field_validation_below gfield_visibility_visible\"  ><label class='gfield_label gform-field-label' for='input_38_17'>LinkedIn<\/label><div class='ginput_container'><input name='input_17' id='input_38_17' type='text' value='' autocomplete='new-password'\/><\/div><div class='gfield_description' id='gfield_description_38_17'>Ce champ n\u2019est utilis\u00e9 qu\u2019\u00e0 des fins de validation et devrait rester inchang\u00e9.<\/div><\/li><li id=\"field_38_15\" class=\"gfield gfield--type-text gfield_contains_required field_sublabel_below gfield--no-description field_description_below field_validation_below gfield_visibility_visible\"  ><label class='gfield_label gform-field-label' for='input_38_15'>Nom<span class=\"gfield_required\"><span class=\"gfield_required gfield_required_asterisk\">*<\/span><\/span><\/label><div class='ginput_container ginput_container_text'><input name='input_15' id='input_38_15' type='text' value='' class='large'   tabindex='1'  aria-required=\"true\" aria-invalid=\"false\"   \/><\/div><\/li><li id=\"field_38_4\" class=\"gfield gfield--type-phone gfield_contains_required field_sublabel_below gfield--no-description field_description_below field_validation_below gfield_visibility_visible\"  ><label class='gfield_label gform-field-label' for='input_38_4'>T\u00e9l\u00e9phone<span class=\"gfield_required\"><span class=\"gfield_required gfield_required_asterisk\">*<\/span><\/span><\/label><div class='ginput_container ginput_container_phone'><input name='input_4' id='input_38_4' type='tel' value='' class='large' tabindex='2'  aria-required=\"true\" aria-invalid=\"false\"   \/><\/div><\/li><li id=\"field_38_3\" class=\"gfield gfield--type-email gfield_contains_required field_sublabel_below gfield--no-description field_description_below field_validation_below gfield_visibility_visible\"  ><label class='gfield_label gform-field-label' for='input_38_3'>Courriel<span class=\"gfield_required\"><span class=\"gfield_required gfield_required_asterisk\">*<\/span><\/span><\/label><div class='ginput_container ginput_container_email'>\n                            <input name='input_3' id='input_38_3' type='email' value='' class='large' tabindex='3'   aria-required=\"true\" aria-invalid=\"false\"  \/>\n                        <\/div><\/li><li id=\"field_38_12\" class=\"gfield gfield--type-text field_sublabel_below gfield--no-description field_description_below field_validation_below gfield_visibility_visible\"  ><label class='gfield_label gform-field-label' for='input_38_12'>Nom du patient<\/label><div class='ginput_container ginput_container_text'><input name='input_12' id='input_38_12' type='text' value='' class='large'   tabindex='4'   aria-invalid=\"false\"   \/><\/div><\/li><li id=\"field_38_16\" class=\"gfield gfield--type-text gfield_contains_required field_sublabel_below gfield--no-description field_description_below field_validation_below gfield_visibility_visible\"  ><label class='gfield_label gform-field-label' for='input_38_16'>L&#039;age du patient (sp\u00e9cifier jours, mois, ann\u00e9es)<span class=\"gfield_required\"><span class=\"gfield_required gfield_required_asterisk\">*<\/span><\/span><\/label><div class='ginput_container ginput_container_text'><input name='input_16' id='input_38_16' type='text' value='' class='large'   tabindex='5'  aria-required=\"true\" aria-invalid=\"false\"   \/><\/div><\/li><li id=\"field_38_8\" class=\"gfield gfield--type-textarea fiftytwo field_sublabel_below gfield--no-description field_description_below field_validation_below gfield_visibility_visible\"  ><label class='gfield_label gform-field-label' for='input_38_8'>Message<\/label><div class='ginput_container ginput_container_textarea'><textarea name='input_8' id='input_38_8' class='textarea small' tabindex='6'     aria-invalid=\"false\"   rows='10' cols='50'><\/textarea><\/div><\/li><\/ul><\/div>\n        <div class='gform-footer gform_footer top_label'> <input type='submit' id='gform_submit_button_38' class='gform_button button' onclick='gform.submission.handleButtonClick(this);' data-submission-type='submit' value='SEND' tabindex='7' \/> \n            <input type='hidden' class='gform_hidden' name='gform_submission_method' data-js='gform_submission_method_38' value='postback' \/>\n            <input type='hidden' class='gform_hidden' name='gform_theme' data-js='gform_theme_38' id='gform_theme_38' value='legacy' \/>\n            <input type='hidden' class='gform_hidden' name='gform_style_settings' data-js='gform_style_settings_38' id='gform_style_settings_38' value='[]' \/>\n            <input type='hidden' class='gform_hidden' name='is_submit_38' value='1' \/>\n            <input type='hidden' class='gform_hidden' name='gform_submit' value='38' \/>\n            \n            <input type='hidden' class='gform_hidden' name='gform_currency' data-currency='USD' value='Mx7say6mVIULpTcUI9B9x9ZkEcN9m3V7hcVkW\/EL4\/AmWUkRRjocBwL4u\/CAqujw9Ova8MvrTQavhoL5dgk\/\/3pOUT6rYxsdOUWeil7x7gCjgW8=' \/>\n            <input type='hidden' class='gform_hidden' name='gform_unique_id' value='' \/>\n            <input type='hidden' class='gform_hidden' name='state_38' value='WyJbXSIsIjY5MDMzYTZlMWJjN2IwNjM0OGZiNWRlYWRlM2QxMGJlIl0=' \/>\n            <input type='hidden' autocomplete='off' class='gform_hidden' name='gform_target_page_number_38' id='gform_target_page_number_38' value='0' \/>\n            <input type='hidden' autocomplete='off' class='gform_hidden' name='gform_source_page_number_38' id='gform_source_page_number_38' value='1' \/>\n            <input type='hidden' name='gform_field_values' value='' \/>\n            \n        <\/div>\n                        <\/form>\n                        <\/div><script>\ngform.initializeOnLoaded( function() {gformInitSpinner( 38, 'https:\/\/gentleproceduresottawa.ca\/wp-content\/plugins\/gravityforms\/images\/spinner.svg', true );jQuery('#gform_ajax_frame_38').on('load',function(){var contents = jQuery(this).contents().find('*').html();var is_postback = contents.indexOf('GF_AJAX_POSTBACK') >= 0;if(!is_postback){return;}var form_content = jQuery(this).contents().find('#gform_wrapper_38');var is_confirmation = jQuery(this).contents().find('#gform_confirmation_wrapper_38').length > 0;var is_redirect = contents.indexOf('gformRedirect(){') >= 0;var is_form = form_content.length > 0 && ! is_redirect && ! is_confirmation;var mt = parseInt(jQuery('html').css('margin-top'), 10) + parseInt(jQuery('body').css('margin-top'), 10) + 100;if(is_form){jQuery('#gform_wrapper_38').html(form_content.html());if(form_content.hasClass('gform_validation_error')){jQuery('#gform_wrapper_38').addClass('gform_validation_error');} else {jQuery('#gform_wrapper_38').removeClass('gform_validation_error');}setTimeout( function() { \/* delay the scroll by 50 milliseconds to fix a bug in chrome *\/  }, 50 );if(window['gformInitDatepicker']) {gformInitDatepicker();}if(window['gformInitPriceFields']) {gformInitPriceFields();}var current_page = jQuery('#gform_source_page_number_38').val();gformInitSpinner( 38, 'https:\/\/gentleproceduresottawa.ca\/wp-content\/plugins\/gravityforms\/images\/spinner.svg', true );jQuery(document).trigger('gform_page_loaded', [38, current_page]);window['gf_submitting_38'] = false;}else if(!is_redirect){var confirmation_content = jQuery(this).contents().find('.GF_AJAX_POSTBACK').html();if(!confirmation_content){confirmation_content = contents;}jQuery('#gform_wrapper_38').replaceWith(confirmation_content);jQuery(document).trigger('gform_confirmation_loaded', [38]);window['gf_submitting_38'] = false;wp.a11y.speak(jQuery('#gform_confirmation_message_38').text());}else{jQuery('#gform_38').append(contents);if(window['gformRedirect']) {gformRedirect();}}jQuery(document).trigger(\"gform_pre_post_render\", [{ formId: \"38\", currentPage: \"current_page\", abort: function() { this.preventDefault(); } }]);        if (event && event.defaultPrevented) {                return;        }        const gformWrapperDiv = document.getElementById( \"gform_wrapper_38\" );        if ( gformWrapperDiv ) {            const visibilitySpan = document.createElement( \"span\" );            visibilitySpan.id = \"gform_visibility_test_38\";            gformWrapperDiv.insertAdjacentElement( \"afterend\", visibilitySpan );        }        const visibilityTestDiv = document.getElementById( \"gform_visibility_test_38\" );        let postRenderFired = false;        function triggerPostRender() {            if ( postRenderFired ) {                return;            }            postRenderFired = true;            gform.core.triggerPostRenderEvents( 38, current_page );            if ( visibilityTestDiv ) {                visibilityTestDiv.parentNode.removeChild( visibilityTestDiv );            }        }        function debounce( func, wait, immediate ) {            var timeout;            return function() {                var context = this, args = arguments;                var later = function() {                    timeout = null;                    if ( !immediate ) func.apply( context, args );                };                var callNow = immediate && !timeout;                clearTimeout( timeout );                timeout = setTimeout( later, wait );                if ( callNow ) func.apply( context, args );            };        }        const debouncedTriggerPostRender = debounce( function() {            triggerPostRender();        }, 200 );        if ( visibilityTestDiv && visibilityTestDiv.offsetParent === null ) {            const observer = new MutationObserver( ( mutations ) => {                mutations.forEach( ( mutation ) => {                    if ( mutation.type === 'attributes' && visibilityTestDiv.offsetParent !== null ) {                        debouncedTriggerPostRender();                        observer.disconnect();                    }                });            });            observer.observe( document.body, {                attributes: true,                childList: false,                subtree: true,                attributeFilter: [ 'style', 'class' ],            });        } else {            triggerPostRender();        }    } );} );\n<\/script>\n\n<\/div>\n\t\t\t\t<\/div>\n\t\t\t\t<\/div>\n\t\t\t\t\t<\/div>\n\t\t<\/div>\n\t\t\t\t\t<\/div>\n\t\t<\/section>\n\t\t\t\t\t<\/div>\n\t\t<\/div>\n\t\t\t\t<div class=\"elementor-column elementor-col-50 elementor-top-column elementor-element elementor-element-7376c7c elementor-hidden-phone\" data-id=\"7376c7c\" data-element_type=\"column\" data-e-type=\"column\" data-settings=\"{&quot;background_background&quot;:&quot;classic&quot;}\">\n\t\t\t<div class=\"elementor-widget-wrap\">\n\t\t\t\t\t\t\t<\/div>\n\t\t<\/div>\n\t\t\t\t\t<\/div>\n\t\t<\/section>\n\t\t\t\t<\/div>\n\t\t","protected":false},"excerpt":{"rendered":"<p>Obtenez le co\u00fbt de votre circoncision Merci de bien vouloir remplir le formulaire ci-dessous. Nous communiquerons avec vous dans les meilleurs d\u00e9lais pour vous indiquer le prix d&rsquo;une circoncision pour votre fils ou pour vous-m\u00eame. Le co\u00fbt de la circoncision est d\u00e9termin\u00e9 principalement selon l&rsquo;\u00e2ge du patient (les co\u00fbts sont plus \u00e9lev\u00e9s pour les gar\u00e7ons [&hellip;]<\/p>\n","protected":false},"author":1,"featured_media":0,"parent":6124,"menu_order":0,"comment_status":"closed","ping_status":"closed","template":"elementor_header_footer","meta":{"footnotes":""},"class_list":["post-7401","page","type-page","status-publish","hentry"],"yoast_head":"<!-- This site is optimized with the Yoast SEO plugin v27.4 - https:\/\/yoast.com\/product\/yoast-seo-wordpress\/ -->\n<title>Prix de la circoncision \u00e0 la clinique Gentle Procedures Ottawa<\/title>\n<meta name=\"description\" content=\"Obtenez plus d&#039;informations sur les co\u00fbts de la circoncision. La Gentle Procedures Clinic pratique la circoncision avec la technique Pollock\u2122, pratiquement indolore.\" \/>\n<meta name=\"robots\" content=\"index, follow, max-snippet:-1, max-image-preview:large, max-video-preview:-1\" \/>\n<link rel=\"canonical\" href=\"https:\/\/gentleproceduresottawa.ca\/circumcision\/cost-confirmation\/\" \/>\n<meta property=\"og:locale\" content=\"fr_FR\" \/>\n<meta property=\"og:type\" content=\"article\" \/>\n<meta property=\"og:title\" content=\"Prix de la circoncision \u00e0 la clinique Gentle Procedures Ottawa\" \/>\n<meta property=\"og:description\" content=\"Obtenez plus d&#039;informations sur les co\u00fbts de la circoncision. La Gentle Procedures Clinic pratique la circoncision avec la technique Pollock\u2122, pratiquement indolore.\" \/>\n<meta property=\"og:url\" content=\"https:\/\/gentleproceduresottawa.ca\/circumcision\/cost-confirmation\/\" \/>\n<meta property=\"og:site_name\" content=\"Gentle Procedures Ottawa\" \/>\n<meta property=\"article:modified_time\" content=\"2023-03-27T11:07:43+00:00\" \/>\n<meta name=\"twitter:card\" content=\"summary_large_image\" \/>\n<meta name=\"twitter:label1\" content=\"Dur\u00e9e de lecture estim\u00e9e\" \/>\n\t<meta name=\"twitter:data1\" content=\"1 minute\" \/>\n<script type=\"application\/ld+json\" class=\"yoast-schema-graph\">{\"@context\":\"https:\\\/\\\/schema.org\",\"@graph\":[{\"@type\":\"WebPage\",\"@id\":\"https:\\\/\\\/gentleproceduresottawa.ca\\\/circumcision\\\/cost-confirmation\\\/\",\"url\":\"https:\\\/\\\/gentleproceduresottawa.ca\\\/circumcision\\\/cost-confirmation\\\/\",\"name\":\"Prix de la circoncision \u00e0 la clinique Gentle Procedures Ottawa\",\"isPartOf\":{\"@id\":\"https:\\\/\\\/gentleproceduresottawa.ca\\\/#website\"},\"datePublished\":\"2022-12-20T22:12:43+00:00\",\"dateModified\":\"2023-03-27T11:07:43+00:00\",\"description\":\"Obtenez plus d'informations sur les co\u00fbts de la circoncision. La Gentle Procedures Clinic pratique la circoncision avec la technique Pollock\u2122, pratiquement indolore.\",\"breadcrumb\":{\"@id\":\"https:\\\/\\\/gentleproceduresottawa.ca\\\/circumcision\\\/cost-confirmation\\\/#breadcrumb\"},\"inLanguage\":\"fr-FR\",\"potentialAction\":[{\"@type\":\"ReadAction\",\"target\":[\"https:\\\/\\\/gentleproceduresottawa.ca\\\/circumcision\\\/cost-confirmation\\\/\"]}]},{\"@type\":\"BreadcrumbList\",\"@id\":\"https:\\\/\\\/gentleproceduresottawa.ca\\\/circumcision\\\/cost-confirmation\\\/#breadcrumb\",\"itemListElement\":[{\"@type\":\"ListItem\",\"position\":1,\"name\":\"Home\",\"item\":\"https:\\\/\\\/gentleproceduresottawa.ca\\\/\"},{\"@type\":\"ListItem\",\"position\":2,\"name\":\"La clinique de circoncision d&#8217;Ottawa\",\"item\":\"https:\\\/\\\/gentleproceduresottawa.ca\\\/circumcision\\\/\"},{\"@type\":\"ListItem\",\"position\":3,\"name\":\"Circoncision confirmation du cout\"}]},{\"@type\":\"WebSite\",\"@id\":\"https:\\\/\\\/gentleproceduresottawa.ca\\\/#website\",\"url\":\"https:\\\/\\\/gentleproceduresottawa.ca\\\/\",\"name\":\"Gentle Procedures Ottawa\",\"description\":\"Gentle Procedures Ottawa\",\"potentialAction\":[{\"@type\":\"SearchAction\",\"target\":{\"@type\":\"EntryPoint\",\"urlTemplate\":\"https:\\\/\\\/gentleproceduresottawa.ca\\\/?s={search_term_string}\"},\"query-input\":{\"@type\":\"PropertyValueSpecification\",\"valueRequired\":true,\"valueName\":\"search_term_string\"}}],\"inLanguage\":\"fr-FR\"}]}<\/script>\n<!-- \/ Yoast SEO plugin. -->","yoast_head_json":{"title":"Prix de la circoncision \u00e0 la clinique Gentle Procedures Ottawa","description":"Obtenez plus d'informations sur les co\u00fbts de la circoncision. La Gentle Procedures Clinic pratique la circoncision avec la technique Pollock\u2122, pratiquement indolore.","robots":{"index":"index","follow":"follow","max-snippet":"max-snippet:-1","max-image-preview":"max-image-preview:large","max-video-preview":"max-video-preview:-1"},"canonical":"https:\/\/gentleproceduresottawa.ca\/circumcision\/cost-confirmation\/","og_locale":"fr_FR","og_type":"article","og_title":"Prix de la circoncision \u00e0 la clinique Gentle Procedures Ottawa","og_description":"Obtenez plus d'informations sur les co\u00fbts de la circoncision. La Gentle Procedures Clinic pratique la circoncision avec la technique Pollock\u2122, pratiquement indolore.","og_url":"https:\/\/gentleproceduresottawa.ca\/circumcision\/cost-confirmation\/","og_site_name":"Gentle Procedures Ottawa","article_modified_time":"2023-03-27T11:07:43+00:00","twitter_card":"summary_large_image","twitter_misc":{"Dur\u00e9e de lecture estim\u00e9e":"1 minute"},"schema":{"@context":"https:\/\/schema.org","@graph":[{"@type":"WebPage","@id":"https:\/\/gentleproceduresottawa.ca\/circumcision\/cost-confirmation\/","url":"https:\/\/gentleproceduresottawa.ca\/circumcision\/cost-confirmation\/","name":"Prix de la circoncision \u00e0 la clinique Gentle Procedures Ottawa","isPartOf":{"@id":"https:\/\/gentleproceduresottawa.ca\/#website"},"datePublished":"2022-12-20T22:12:43+00:00","dateModified":"2023-03-27T11:07:43+00:00","description":"Obtenez plus d'informations sur les co\u00fbts de la circoncision. La Gentle Procedures Clinic pratique la circoncision avec la technique Pollock\u2122, pratiquement indolore.","breadcrumb":{"@id":"https:\/\/gentleproceduresottawa.ca\/circumcision\/cost-confirmation\/#breadcrumb"},"inLanguage":"fr-FR","potentialAction":[{"@type":"ReadAction","target":["https:\/\/gentleproceduresottawa.ca\/circumcision\/cost-confirmation\/"]}]},{"@type":"BreadcrumbList","@id":"https:\/\/gentleproceduresottawa.ca\/circumcision\/cost-confirmation\/#breadcrumb","itemListElement":[{"@type":"ListItem","position":1,"name":"Home","item":"https:\/\/gentleproceduresottawa.ca\/"},{"@type":"ListItem","position":2,"name":"La clinique de circoncision d&#8217;Ottawa","item":"https:\/\/gentleproceduresottawa.ca\/circumcision\/"},{"@type":"ListItem","position":3,"name":"Circoncision confirmation du cout"}]},{"@type":"WebSite","@id":"https:\/\/gentleproceduresottawa.ca\/#website","url":"https:\/\/gentleproceduresottawa.ca\/","name":"Gentle Procedures Ottawa","description":"Gentle Procedures Ottawa","potentialAction":[{"@type":"SearchAction","target":{"@type":"EntryPoint","urlTemplate":"https:\/\/gentleproceduresottawa.ca\/?s={search_term_string}"},"query-input":{"@type":"PropertyValueSpecification","valueRequired":true,"valueName":"search_term_string"}}],"inLanguage":"fr-FR"}]}},"_links":{"self":[{"href":"https:\/\/gentleproceduresottawa.ca\/fr\/wp-json\/wp\/v2\/pages\/7401","targetHints":{"allow":["GET"]}}],"collection":[{"href":"https:\/\/gentleproceduresottawa.ca\/fr\/wp-json\/wp\/v2\/pages"}],"about":[{"href":"https:\/\/gentleproceduresottawa.ca\/fr\/wp-json\/wp\/v2\/types\/page"}],"author":[{"embeddable":true,"href":"https:\/\/gentleproceduresottawa.ca\/fr\/wp-json\/wp\/v2\/users\/1"}],"replies":[{"embeddable":true,"href":"https:\/\/gentleproceduresottawa.ca\/fr\/wp-json\/wp\/v2\/comments?post=7401"}],"version-history":[{"count":14,"href":"https:\/\/gentleproceduresottawa.ca\/fr\/wp-json\/wp\/v2\/pages\/7401\/revisions"}],"predecessor-version":[{"id":8349,"href":"https:\/\/gentleproceduresottawa.ca\/fr\/wp-json\/wp\/v2\/pages\/7401\/revisions\/8349"}],"up":[{"embeddable":true,"href":"https:\/\/gentleproceduresottawa.ca\/fr\/wp-json\/wp\/v2\/pages\/6124"}],"wp:attachment":[{"href":"https:\/\/gentleproceduresottawa.ca\/fr\/wp-json\/wp\/v2\/media?parent=7401"}],"curies":[{"name":"wp","href":"https:\/\/api.w.org\/{rel}","templated":true}]}}