{"id":7406,"date":"2022-12-20T23:10:45","date_gmt":"2022-12-20T23:10:45","guid":{"rendered":"https:\/\/gentleproceduresottawa.ca\/?page_id=7406"},"modified":"2023-03-20T15:33:54","modified_gmt":"2023-03-20T15:33:54","slug":"confirmation-du-cout-merci","status":"publish","type":"page","link":"https:\/\/gentleproceduresottawa.ca\/fr\/circoncision\/confirmation-du-cout-merci\/","title":{"rendered":"Circoncision confirmation du cout merci"},"content":{"rendered":"\t\t<div data-elementor-type=\"wp-page\" data-elementor-id=\"7406\" class=\"elementor elementor-7406 elementor-62\" data-elementor-post-type=\"page\">\n\t\t\t\t\t\t<section class=\"elementor-section elementor-top-section elementor-element elementor-element-b6c27f2 elementor-section-stretched elementor-section-full_width elementor-section-height-default elementor-section-height-default\" data-id=\"b6c27f2\" data-element_type=\"section\" data-e-type=\"section\" data-settings=\"{&quot;stretch_section&quot;:&quot;section-stretched&quot;}\">\n\t\t\t\t\t\t<div class=\"elementor-container elementor-column-gap-wide\">\n\t\t\t\t\t<div class=\"elementor-column elementor-col-50 elementor-top-column elementor-element elementor-element-c9b873e\" data-id=\"c9b873e\" data-element_type=\"column\" data-e-type=\"column\">\n\t\t\t<div class=\"elementor-widget-wrap elementor-element-populated\">\n\t\t\t\t\t\t<section class=\"elementor-section elementor-inner-section elementor-element elementor-element-bf4e498 elementor-section-boxed elementor-section-height-default elementor-section-height-default\" data-id=\"bf4e498\" data-element_type=\"section\" data-e-type=\"section\">\n\t\t\t\t\t\t<div class=\"elementor-container elementor-column-gap-default\">\n\t\t\t\t\t<div class=\"elementor-column elementor-col-100 elementor-inner-column elementor-element elementor-element-98b5f9d\" data-id=\"98b5f9d\" data-element_type=\"column\" data-e-type=\"column\">\n\t\t\t<div class=\"elementor-widget-wrap elementor-element-populated\">\n\t\t\t\t\t\t<div class=\"elementor-element elementor-element-8933ff5 elementor-widget elementor-widget-heading\" data-id=\"8933ff5\" data-element_type=\"widget\" data-e-type=\"widget\" data-widget_type=\"heading.default\">\n\t\t\t\t<div class=\"elementor-widget-container\">\n\t\t\t\t\t<h1 class=\"elementor-heading-title elementor-size-default\">Merci<\/h1>\t\t\t\t<\/div>\n\t\t\t\t<\/div>\n\t\t\t\t<div class=\"elementor-element elementor-element-cddb049 elementor-widget elementor-widget-text-editor\" data-id=\"cddb049\" data-element_type=\"widget\" data-e-type=\"widget\" data-widget_type=\"text-editor.default\">\n\t\t\t\t<div class=\"elementor-widget-container\">\n\t\t\t\t\t\t\t\t\t<p>Merci de nous avoir contact\u00e9s \u00e0 la clinique Gentle Procedures.<\/p><p>Nous vous r\u00e9pondrons sous peu pour confirmer le prix et r\u00e9pondre \u00e0 toutes vos questions.<\/p><p>Nous sommes impatients de vous parler.<\/p>\t\t\t\t\t\t\t\t<\/div>\n\t\t\t\t<\/div>\n\t\t\t\t\t<\/div>\n\t\t<\/div>\n\t\t\t\t\t<\/div>\n\t\t<\/section>\n\t\t\t\t\t<\/div>\n\t\t<\/div>\n\t\t\t\t<div class=\"elementor-column elementor-col-50 elementor-top-column elementor-element elementor-element-40e9d61\" data-id=\"40e9d61\" data-element_type=\"column\" data-e-type=\"column\" data-settings=\"{&quot;background_background&quot;:&quot;classic&quot;}\">\n\t\t\t<div class=\"elementor-widget-wrap\">\n\t\t\t\t\t\t\t<\/div>\n\t\t<\/div>\n\t\t\t\t\t<\/div>\n\t\t<\/section>\n\t\t\t\t<\/div>\n\t\t","protected":false},"excerpt":{"rendered":"<p>Merci Merci de nous avoir contact\u00e9s \u00e0 la clinique Gentle Procedures. Nous vous r\u00e9pondrons sous peu pour confirmer le prix et r\u00e9pondre \u00e0 toutes vos questions. Nous sommes impatients de vous parler.<\/p>\n","protected":false},"author":1,"featured_media":0,"parent":6124,"menu_order":0,"comment_status":"closed","ping_status":"closed","template":"elementor_header_footer","meta":{"footnotes":""},"class_list":["post-7406","page","type-page","status-publish","hentry"],"yoast_head":"<!-- This site is optimized with the Yoast SEO plugin v27.5 - https:\/\/yoast.com\/product\/yoast-seo-wordpress\/ -->\n<title>Merci<\/title>\n<meta name=\"description\" content=\"Merci\" \/>\n<meta name=\"robots\" content=\"index, follow, max-snippet:-1, max-image-preview:large, max-video-preview:-1\" \/>\n<link rel=\"canonical\" href=\"https:\/\/gentleproceduresottawa.ca\/circumcision\/cost-confirmation-thanks\/\" \/>\n<meta property=\"og:locale\" content=\"fr_FR\" \/>\n<meta property=\"og:type\" content=\"article\" \/>\n<meta property=\"og:title\" content=\"Merci\" \/>\n<meta property=\"og:description\" content=\"Merci\" \/>\n<meta property=\"og:url\" content=\"https:\/\/gentleproceduresottawa.ca\/circumcision\/cost-confirmation-thanks\/\" \/>\n<meta property=\"og:site_name\" content=\"Gentle Procedures Ottawa\" \/>\n<meta property=\"article:modified_time\" content=\"2023-03-20T15:33:54+00:00\" \/>\n<meta name=\"twitter:card\" content=\"summary_large_image\" \/>\n<meta name=\"twitter:label1\" content=\"Dur\u00e9e de lecture estim\u00e9e\" \/>\n\t<meta name=\"twitter:data1\" content=\"1 minute\" \/>\n<script type=\"application\/ld+json\" class=\"yoast-schema-graph\">{\"@context\":\"https:\\\/\\\/schema.org\",\"@graph\":[{\"@type\":\"WebPage\",\"@id\":\"https:\\\/\\\/gentleproceduresottawa.ca\\\/circumcision\\\/cost-confirmation-thanks\\\/\",\"url\":\"https:\\\/\\\/gentleproceduresottawa.ca\\\/circumcision\\\/cost-confirmation-thanks\\\/\",\"name\":\"Merci\",\"isPartOf\":{\"@id\":\"https:\\\/\\\/gentleproceduresottawa.ca\\\/#website\"},\"datePublished\":\"2022-12-20T23:10:45+00:00\",\"dateModified\":\"2023-03-20T15:33:54+00:00\",\"description\":\"Merci\",\"breadcrumb\":{\"@id\":\"https:\\\/\\\/gentleproceduresottawa.ca\\\/circumcision\\\/cost-confirmation-thanks\\\/#breadcrumb\"},\"inLanguage\":\"fr-FR\",\"potentialAction\":[{\"@type\":\"ReadAction\",\"target\":[\"https:\\\/\\\/gentleproceduresottawa.ca\\\/circumcision\\\/cost-confirmation-thanks\\\/\"]}]},{\"@type\":\"BreadcrumbList\",\"@id\":\"https:\\\/\\\/gentleproceduresottawa.ca\\\/circumcision\\\/cost-confirmation-thanks\\\/#breadcrumb\",\"itemListElement\":[{\"@type\":\"ListItem\",\"position\":1,\"name\":\"Home\",\"item\":\"https:\\\/\\\/gentleproceduresottawa.ca\\\/\"},{\"@type\":\"ListItem\",\"position\":2,\"name\":\"La clinique de circoncision d&#8217;Ottawa\",\"item\":\"https:\\\/\\\/gentleproceduresottawa.ca\\\/circumcision\\\/\"},{\"@type\":\"ListItem\",\"position\":3,\"name\":\"Circoncision confirmation du cout merci\"}]},{\"@type\":\"WebSite\",\"@id\":\"https:\\\/\\\/gentleproceduresottawa.ca\\\/#website\",\"url\":\"https:\\\/\\\/gentleproceduresottawa.ca\\\/\",\"name\":\"Gentle Procedures Ottawa\",\"description\":\"Gentle Procedures Ottawa\",\"potentialAction\":[{\"@type\":\"SearchAction\",\"target\":{\"@type\":\"EntryPoint\",\"urlTemplate\":\"https:\\\/\\\/gentleproceduresottawa.ca\\\/?s={search_term_string}\"},\"query-input\":{\"@type\":\"PropertyValueSpecification\",\"valueRequired\":true,\"valueName\":\"search_term_string\"}}],\"inLanguage\":\"fr-FR\"}]}<\/script>\n<!-- \/ Yoast SEO plugin. -->","yoast_head_json":{"title":"Merci","description":"Merci","robots":{"index":"index","follow":"follow","max-snippet":"max-snippet:-1","max-image-preview":"max-image-preview:large","max-video-preview":"max-video-preview:-1"},"canonical":"https:\/\/gentleproceduresottawa.ca\/circumcision\/cost-confirmation-thanks\/","og_locale":"fr_FR","og_type":"article","og_title":"Merci","og_description":"Merci","og_url":"https:\/\/gentleproceduresottawa.ca\/circumcision\/cost-confirmation-thanks\/","og_site_name":"Gentle Procedures Ottawa","article_modified_time":"2023-03-20T15:33:54+00:00","twitter_card":"summary_large_image","twitter_misc":{"Dur\u00e9e de lecture estim\u00e9e":"1 minute"},"schema":{"@context":"https:\/\/schema.org","@graph":[{"@type":"WebPage","@id":"https:\/\/gentleproceduresottawa.ca\/circumcision\/cost-confirmation-thanks\/","url":"https:\/\/gentleproceduresottawa.ca\/circumcision\/cost-confirmation-thanks\/","name":"Merci","isPartOf":{"@id":"https:\/\/gentleproceduresottawa.ca\/#website"},"datePublished":"2022-12-20T23:10:45+00:00","dateModified":"2023-03-20T15:33:54+00:00","description":"Merci","breadcrumb":{"@id":"https:\/\/gentleproceduresottawa.ca\/circumcision\/cost-confirmation-thanks\/#breadcrumb"},"inLanguage":"fr-FR","potentialAction":[{"@type":"ReadAction","target":["https:\/\/gentleproceduresottawa.ca\/circumcision\/cost-confirmation-thanks\/"]}]},{"@type":"BreadcrumbList","@id":"https:\/\/gentleproceduresottawa.ca\/circumcision\/cost-confirmation-thanks\/#breadcrumb","itemListElement":[{"@type":"ListItem","position":1,"name":"Home","item":"https:\/\/gentleproceduresottawa.ca\/"},{"@type":"ListItem","position":2,"name":"La clinique de circoncision d&#8217;Ottawa","item":"https:\/\/gentleproceduresottawa.ca\/circumcision\/"},{"@type":"ListItem","position":3,"name":"Circoncision confirmation du cout merci"}]},{"@type":"WebSite","@id":"https:\/\/gentleproceduresottawa.ca\/#website","url":"https:\/\/gentleproceduresottawa.ca\/","name":"Gentle Procedures Ottawa","description":"Gentle Procedures Ottawa","potentialAction":[{"@type":"SearchAction","target":{"@type":"EntryPoint","urlTemplate":"https:\/\/gentleproceduresottawa.ca\/?s={search_term_string}"},"query-input":{"@type":"PropertyValueSpecification","valueRequired":true,"valueName":"search_term_string"}}],"inLanguage":"fr-FR"}]}},"_links":{"self":[{"href":"https:\/\/gentleproceduresottawa.ca\/fr\/wp-json\/wp\/v2\/pages\/7406","targetHints":{"allow":["GET"]}}],"collection":[{"href":"https:\/\/gentleproceduresottawa.ca\/fr\/wp-json\/wp\/v2\/pages"}],"about":[{"href":"https:\/\/gentleproceduresottawa.ca\/fr\/wp-json\/wp\/v2\/types\/page"}],"author":[{"embeddable":true,"href":"https:\/\/gentleproceduresottawa.ca\/fr\/wp-json\/wp\/v2\/users\/1"}],"replies":[{"embeddable":true,"href":"https:\/\/gentleproceduresottawa.ca\/fr\/wp-json\/wp\/v2\/comments?post=7406"}],"version-history":[{"count":7,"href":"https:\/\/gentleproceduresottawa.ca\/fr\/wp-json\/wp\/v2\/pages\/7406\/revisions"}],"predecessor-version":[{"id":7776,"href":"https:\/\/gentleproceduresottawa.ca\/fr\/wp-json\/wp\/v2\/pages\/7406\/revisions\/7776"}],"up":[{"embeddable":true,"href":"https:\/\/gentleproceduresottawa.ca\/fr\/wp-json\/wp\/v2\/pages\/6124"}],"wp:attachment":[{"href":"https:\/\/gentleproceduresottawa.ca\/fr\/wp-json\/wp\/v2\/media?parent=7406"}],"curies":[{"name":"wp","href":"https:\/\/api.w.org\/{rel}","templated":true}]}}